{"id":1245,"date":"2021-02-01T17:20:05","date_gmt":"2021-02-01T16:20:05","guid":{"rendered":"https:\/\/www.galeriedulendemain.com\/?page_id=1245"},"modified":"2025-03-05T23:25:09","modified_gmt":"2025-03-05T22:25:09","slug":"la-galerie","status":"publish","type":"page","link":"https:\/\/www.galeriedulendemain.com\/fr\/la-galerie\/","title":{"rendered":"La galerie"},"content":{"rendered":"[vc_row type=\u00a0\u00bbin_container\u00a0\u00bb full_screen_row_position=\u00a0\u00bbmiddle\u00a0\u00bb column_margin=\u00a0\u00bbdefault\u00a0\u00bb column_direction=\u00a0\u00bbdefault\u00a0\u00bb column_direction_tablet=\u00a0\u00bbdefault\u00a0\u00bb column_direction_phone=\u00a0\u00bbdefault\u00a0\u00bb scene_position=\u00a0\u00bbcenter\u00a0\u00bb text_color=\u00a0\u00bbdark\u00a0\u00bb text_align=\u00a0\u00bbleft\u00a0\u00bb row_border_radius=\u00a0\u00bbnone\u00a0\u00bb row_border_radius_applies=\u00a0\u00bbbg\u00a0\u00bb overflow=\u00a0\u00bbvisible\u00a0\u00bb overlay_strength=\u00a0\u00bb0.3&Prime; gradient_direction=\u00a0\u00bbleft_to_right\u00a0\u00bb shape_divider_position=\u00a0\u00bbbottom\u00a0\u00bb bg_image_animation=\u00a0\u00bbnone\u00a0\u00bb][vc_column column_padding=\u00a0\u00bbno-extra-padding\u00a0\u00bb column_padding_tablet=\u00a0\u00bbinherit\u00a0\u00bb column_padding_phone=\u00a0\u00bbinherit\u00a0\u00bb column_padding_position=\u00a0\u00bball\u00a0\u00bb column_element_direction_desktop=\u00a0\u00bbdefault\u00a0\u00bb column_element_spacing=\u00a0\u00bbdefault\u00a0\u00bb desktop_text_alignment=\u00a0\u00bbdefault\u00a0\u00bb tablet_text_alignment=\u00a0\u00bbdefault\u00a0\u00bb phone_text_alignment=\u00a0\u00bbdefault\u00a0\u00bb background_color_opacity=\u00a0\u00bb1&Prime; background_hover_color_opacity=\u00a0\u00bb1&Prime; column_backdrop_filter=\u00a0\u00bbnone\u00a0\u00bb column_shadow=\u00a0\u00bbnone\u00a0\u00bb column_border_radius=\u00a0\u00bbnone\u00a0\u00bb column_link_target=\u00a0\u00bb_self\u00a0\u00bb column_position=\u00a0\u00bbdefault\u00a0\u00bb gradient_direction=\u00a0\u00bbleft_to_right\u00a0\u00bb overlay_strength=\u00a0\u00bb0.3&Prime; width=\u00a0\u00bb1\/5&Prime; tablet_width_inherit=\u00a0\u00bbdefault\u00a0\u00bb animation_type=\u00a0\u00bbdefault\u00a0\u00bb bg_image_animation=\u00a0\u00bbnone\u00a0\u00bb border_type=\u00a0\u00bbsimple\u00a0\u00bb column_border_width=\u00a0\u00bbnone\u00a0\u00bb column_border_style=\u00a0\u00bbsolid\u00a0\u00bb][\/vc_column][vc_column column_padding=\u00a0\u00bbno-extra-padding\u00a0\u00bb column_padding_tablet=\u00a0\u00bbinherit\u00a0\u00bb column_padding_phone=\u00a0\u00bbinherit\u00a0\u00bb column_padding_position=\u00a0\u00bball\u00a0\u00bb column_element_direction_desktop=\u00a0\u00bbdefault\u00a0\u00bb column_element_spacing=\u00a0\u00bbdefault\u00a0\u00bb desktop_text_alignment=\u00a0\u00bbdefault\u00a0\u00bb tablet_text_alignment=\u00a0\u00bbdefault\u00a0\u00bb phone_text_alignment=\u00a0\u00bbdefault\u00a0\u00bb background_color_opacity=\u00a0\u00bb1&Prime; background_hover_color_opacity=\u00a0\u00bb1&Prime; column_backdrop_filter=\u00a0\u00bbnone\u00a0\u00bb column_shadow=\u00a0\u00bbnone\u00a0\u00bb column_border_radius=\u00a0\u00bbnone\u00a0\u00bb column_link_target=\u00a0\u00bb_self\u00a0\u00bb column_position=\u00a0\u00bbdefault\u00a0\u00bb gradient_direction=\u00a0\u00bbleft_to_right\u00a0\u00bb overlay_strength=\u00a0\u00bb0.3&Prime; width=\u00a0\u00bb3\/5&Prime; tablet_width_inherit=\u00a0\u00bbdefault\u00a0\u00bb animation_type=\u00a0\u00bbdefault\u00a0\u00bb bg_image_animation=\u00a0\u00bbnone\u00a0\u00bb border_type=\u00a0\u00bbsimple\u00a0\u00bb column_border_width=\u00a0\u00bbnone\u00a0\u00bb column_border_style=\u00a0\u00bbsolid\u00a0\u00bb][vc_column_text css=\u00a0\u00bb\u00a0\u00bb text_direction=\u00a0\u00bbdefault\u00a0\u00bb]<strong>1er octobre 2020<\/strong><br \/>\nAlexis Maillard vous invite \u00e0 d\u00e9couvrir son nouvel espace d\u2019exposition d\u00e9di\u00e9 \u00e0 l\u2019art contemporain dans le quartier du Marais \u00e0 Paris. Il aime \u00e0 dire que la galerie, ouverte le 1er octobre 2020, est celle des artistes avec lesquels il collabore.<\/p>\n<p>N\u00e9e d\u2019une envie de partager les productions d\u2019un premier cercle d\u2019artistes et amis, la Galerie du Lendemain \u00e9largit ce cercle au gr\u00e9 des rencontres et des d\u00e9couvertes. Elle propose aux artistes d\u2019investir son espace pour confronter une production souvent intime et peu expos\u00e9e aux regards critiques.<\/p>\n<p>La programmation, ouverte \u00e0 tout type de pratique artistique, souhaite ainsi soutenir les productions d\u2019artistes \u00e9mergents en harmonie avec les principes sur lesquels se fonde la cr\u00e9ation de la galerie : simplicit\u00e9, amiti\u00e9, partage et libert\u00e9 cr\u00e9ative.<br \/>\nCet espace se donne pour mission d\u2019accompagner les artistes dans leurs processus cr\u00e9atifs, convaincu que la transposition des \u0153uvres de la sph\u00e8re priv\u00e9e \u00e0 celle du public et le passage par l\u2019exercice de l\u2019exposition marque une \u00e9tape fondamentale qui permet d\u2019interroger et de faire avancer les d\u00e9marches de chacun.e.<\/p>\n<p>La Galerie du Lendemain entend ainsi se tourner avec optimisme vers l\u2019avenir plut\u00f4t que dans l\u2019imm\u00e9diatet\u00e9 du syst\u00e8me dans lequel elle s\u2019inscrit. En proposant aux artistes un suivi sur un temps long, elle cherche \u00e0 d\u00e9velopper un espace de germination, puis de d\u00e9veloppement des pratiques qu\u2019elle soutient.<\/p>\n<p class=\"p1\"><span class=\"s1\"><strong>Depuis septembre 2023<br \/>\n<\/strong>La Galerie du Lendemain propose des expositions solo ou de groupe dans des espaces choisis sp\u00e9cialement pour chaque exposition.<\/span><\/p>\n<p><strong>Contact<\/strong><br \/>\n<a href=\"mailto:alexismaillard@orange.fr\">alexismaillard@orange.fr<\/a>[\/vc_column_text][\/vc_column][vc_column column_padding=\u00a0\u00bbno-extra-padding\u00a0\u00bb column_padding_tablet=\u00a0\u00bbinherit\u00a0\u00bb column_padding_phone=\u00a0\u00bbinherit\u00a0\u00bb column_padding_position=\u00a0\u00bball\u00a0\u00bb column_element_direction_desktop=\u00a0\u00bbdefault\u00a0\u00bb column_element_spacing=\u00a0\u00bbdefault\u00a0\u00bb desktop_text_alignment=\u00a0\u00bbdefault\u00a0\u00bb tablet_text_alignment=\u00a0\u00bbdefault\u00a0\u00bb phone_text_alignment=\u00a0\u00bbdefault\u00a0\u00bb background_color_opacity=\u00a0\u00bb1&Prime; background_hover_color_opacity=\u00a0\u00bb1&Prime; column_backdrop_filter=\u00a0\u00bbnone\u00a0\u00bb column_shadow=\u00a0\u00bbnone\u00a0\u00bb column_border_radius=\u00a0\u00bbnone\u00a0\u00bb column_link_target=\u00a0\u00bb_self\u00a0\u00bb column_position=\u00a0\u00bbdefault\u00a0\u00bb gradient_direction=\u00a0\u00bbleft_to_right\u00a0\u00bb overlay_strength=\u00a0\u00bb0.3&Prime; width=\u00a0\u00bb1\/5&Prime; tablet_width_inherit=\u00a0\u00bbdefault\u00a0\u00bb animation_type=\u00a0\u00bbdefault\u00a0\u00bb bg_image_animation=\u00a0\u00bbnone\u00a0\u00bb border_type=\u00a0\u00bbsimple\u00a0\u00bb column_border_width=\u00a0\u00bbnone\u00a0\u00bb column_border_style=\u00a0\u00bbsolid\u00a0\u00bb][\/vc_column][\/vc_row]\n","protected":false},"excerpt":{"rendered":"<p>[vc_row type=\u00a0\u00bbin_container\u00a0\u00bb full_screen_row_position=\u00a0\u00bbmiddle\u00a0\u00bb column_margin=\u00a0\u00bbdefault\u00a0\u00bb column_direction=\u00a0\u00bbdefault\u00a0\u00bb column_direction_tablet=\u00a0\u00bbdefault\u00a0\u00bb column_direction_phone=\u00a0\u00bbdefault\u00a0\u00bb scene_position=\u00a0\u00bbcenter\u00a0\u00bb text_color=\u00a0\u00bbdark\u00a0\u00bb text_align=\u00a0\u00bbleft\u00a0\u00bb row_border_radius=\u00a0\u00bbnone\u00a0\u00bb row_border_radius_applies=\u00a0\u00bbbg\u00a0\u00bb overflow=\u00a0\u00bbvisible\u00a0\u00bb overlay_strength=\u00a0\u00bb0.3&Prime; gradient_direction=\u00a0\u00bbleft_to_right\u00a0\u00bb shape_divider_position=\u00a0\u00bbbottom\u00a0\u00bb bg_image_animation=\u00a0\u00bbnone\u00a0\u00bb][vc_column column_padding=\u00a0\u00bbno-extra-padding\u00a0\u00bb column_padding_tablet=\u00a0\u00bbinherit\u00a0\u00bb column_padding_phone=\u00a0\u00bbinherit\u00a0\u00bb column_padding_position=\u00a0\u00bball\u00a0\u00bb column_element_direction_desktop=\u00a0\u00bbdefault\u00a0\u00bb column_element_spacing=\u00a0\u00bbdefault\u00a0\u00bb desktop_text_alignment=\u00a0\u00bbdefault\u00a0\u00bb tablet_text_alignment=\u00a0\u00bbdefault\u00a0\u00bb phone_text_alignment=\u00a0\u00bbdefault\u00a0\u00bb background_color_opacity=\u00a0\u00bb1&Prime; background_hover_color_opacity=\u00a0\u00bb1&Prime; column_backdrop_filter=\u00a0\u00bbnone\u00a0\u00bb column_shadow=\u00a0\u00bbnone\u00a0\u00bb&#8230;<\/p>\n","protected":false},"author":1,"featured_media":0,"parent":0,"menu_order":40000,"comment_status":"closed","ping_status":"closed","template":"","meta":{"_acf_changed":false,"footnotes":""},"class_list":["post-1245","page","type-page","status-publish"],"yoast_head":"<!-- This site is optimized with the Yoast SEO plugin v27.2 - https:\/\/yoast.com\/product\/yoast-seo-wordpress\/ -->\n<title>Galerie du Lendemain - Galerie d\u2019art contemporain \u00e0 Paris - La Galerie<\/title>\n<meta name=\"description\" content=\"La Galerie du Lendemain, galerie d\u2019art contemporain \u00e0 Paris, propose aux artistes contemporains d\u2019exposer : peinture, dessin, photographie.\" \/>\n<meta name=\"robots\" content=\"index, follow, max-snippet:-1, max-image-preview:large, max-video-preview:-1\" \/>\n<link rel=\"canonical\" href=\"https:\/\/www.galeriedulendemain.com\/fr\/la-galerie\/\" \/>\n<meta property=\"og:locale\" content=\"fr_FR\" \/>\n<meta property=\"og:type\" content=\"article\" \/>\n<meta property=\"og:title\" content=\"Galerie du Lendemain - Galerie d\u2019art contemporain \u00e0 Paris - La Galerie\" \/>\n<meta property=\"og:description\" content=\"La Galerie du Lendemain, galerie d\u2019art contemporain \u00e0 Paris, propose aux artistes contemporains d\u2019exposer : peinture, dessin, photographie.\" \/>\n<meta property=\"og:url\" content=\"https:\/\/www.galeriedulendemain.com\/fr\/la-galerie\/\" \/>\n<meta property=\"og:site_name\" content=\"Galerie du Lendemain\" \/>\n<meta property=\"article:modified_time\" content=\"2025-03-05T22:25:09+00:00\" \/>\n<meta name=\"twitter:card\" content=\"summary_large_image\" \/>\n<meta name=\"twitter:label1\" content=\"Est. reading time\" \/>\n\t<meta name=\"twitter:data1\" content=\"2 minutes\" \/>\n<script type=\"application\/ld+json\" class=\"yoast-schema-graph\">{\"@context\":\"https:\/\/schema.org\",\"@graph\":[{\"@type\":\"WebPage\",\"@id\":\"https:\/\/www.galeriedulendemain.com\/fr\/la-galerie\/\",\"url\":\"https:\/\/www.galeriedulendemain.com\/fr\/la-galerie\/\",\"name\":\"Galerie du Lendemain - Galerie d\u2019art contemporain \u00e0 Paris - La Galerie\",\"isPartOf\":{\"@id\":\"https:\/\/www.galeriedulendemain.com\/fr\/#website\"},\"datePublished\":\"2021-02-01T16:20:05+00:00\",\"dateModified\":\"2025-03-05T22:25:09+00:00\",\"description\":\"La Galerie du Lendemain, galerie d\u2019art contemporain \u00e0 Paris, propose aux artistes contemporains d\u2019exposer : peinture, dessin, photographie.\",\"breadcrumb\":{\"@id\":\"https:\/\/www.galeriedulendemain.com\/fr\/la-galerie\/#breadcrumb\"},\"inLanguage\":\"fr-FR\",\"potentialAction\":[{\"@type\":\"ReadAction\",\"target\":[\"https:\/\/www.galeriedulendemain.com\/fr\/la-galerie\/\"]}]},{\"@type\":\"BreadcrumbList\",\"@id\":\"https:\/\/www.galeriedulendemain.com\/fr\/la-galerie\/#breadcrumb\",\"itemListElement\":[{\"@type\":\"ListItem\",\"position\":1,\"name\":\"Home\",\"item\":\"https:\/\/www.galeriedulendemain.com\/fr\/\"},{\"@type\":\"ListItem\",\"position\":2,\"name\":\"La galerie\"}]},{\"@type\":\"WebSite\",\"@id\":\"https:\/\/www.galeriedulendemain.com\/fr\/#website\",\"url\":\"https:\/\/www.galeriedulendemain.com\/fr\/\",\"name\":\"Galerie du Lendemain\",\"description\":\"Galerie d&#039;art contemporain \u00e0 Paris\",\"publisher\":{\"@id\":\"https:\/\/www.galeriedulendemain.com\/fr\/#organization\"},\"potentialAction\":[{\"@type\":\"SearchAction\",\"target\":{\"@type\":\"EntryPoint\",\"urlTemplate\":\"https:\/\/www.galeriedulendemain.com\/fr\/?s={search_term_string}\"},\"query-input\":{\"@type\":\"PropertyValueSpecification\",\"valueRequired\":true,\"valueName\":\"search_term_string\"}}],\"inLanguage\":\"fr-FR\"},{\"@type\":\"Organization\",\"@id\":\"https:\/\/www.galeriedulendemain.com\/fr\/#organization\",\"name\":\"Galerie du lendemain\",\"url\":\"https:\/\/www.galeriedulendemain.com\/fr\/\",\"logo\":{\"@type\":\"ImageObject\",\"inLanguage\":\"fr-FR\",\"@id\":\"https:\/\/www.galeriedulendemain.com\/fr\/#\/schema\/logo\/image\/\",\"url\":\"https:\/\/www.galeriedulendemain.com\/app\/uploads\/logo-Galerie-du-Lendemain@2x.png\",\"contentUrl\":\"https:\/\/www.galeriedulendemain.com\/app\/uploads\/logo-Galerie-du-Lendemain@2x.png\",\"width\":410,\"height\":220,\"caption\":\"Galerie du lendemain\"},\"image\":{\"@id\":\"https:\/\/www.galeriedulendemain.com\/fr\/#\/schema\/logo\/image\/\"}}]}<\/script>\n<!-- \/ Yoast SEO plugin. -->","yoast_head_json":{"title":"Galerie du Lendemain - Galerie d\u2019art contemporain \u00e0 Paris - La Galerie","description":"La Galerie du Lendemain, galerie d\u2019art contemporain \u00e0 Paris, propose aux artistes contemporains d\u2019exposer : peinture, dessin, photographie.","robots":{"index":"index","follow":"follow","max-snippet":"max-snippet:-1","max-image-preview":"max-image-preview:large","max-video-preview":"max-video-preview:-1"},"canonical":"https:\/\/www.galeriedulendemain.com\/fr\/la-galerie\/","og_locale":"fr_FR","og_type":"article","og_title":"Galerie du Lendemain - Galerie d\u2019art contemporain \u00e0 Paris - La Galerie","og_description":"La Galerie du Lendemain, galerie d\u2019art contemporain \u00e0 Paris, propose aux artistes contemporains d\u2019exposer : peinture, dessin, photographie.","og_url":"https:\/\/www.galeriedulendemain.com\/fr\/la-galerie\/","og_site_name":"Galerie du Lendemain","article_modified_time":"2025-03-05T22:25:09+00:00","twitter_card":"summary_large_image","twitter_misc":{"Est. reading time":"2 minutes"},"schema":{"@context":"https:\/\/schema.org","@graph":[{"@type":"WebPage","@id":"https:\/\/www.galeriedulendemain.com\/fr\/la-galerie\/","url":"https:\/\/www.galeriedulendemain.com\/fr\/la-galerie\/","name":"Galerie du Lendemain - Galerie d\u2019art contemporain \u00e0 Paris - La Galerie","isPartOf":{"@id":"https:\/\/www.galeriedulendemain.com\/fr\/#website"},"datePublished":"2021-02-01T16:20:05+00:00","dateModified":"2025-03-05T22:25:09+00:00","description":"La Galerie du Lendemain, galerie d\u2019art contemporain \u00e0 Paris, propose aux artistes contemporains d\u2019exposer : peinture, dessin, photographie.","breadcrumb":{"@id":"https:\/\/www.galeriedulendemain.com\/fr\/la-galerie\/#breadcrumb"},"inLanguage":"fr-FR","potentialAction":[{"@type":"ReadAction","target":["https:\/\/www.galeriedulendemain.com\/fr\/la-galerie\/"]}]},{"@type":"BreadcrumbList","@id":"https:\/\/www.galeriedulendemain.com\/fr\/la-galerie\/#breadcrumb","itemListElement":[{"@type":"ListItem","position":1,"name":"Home","item":"https:\/\/www.galeriedulendemain.com\/fr\/"},{"@type":"ListItem","position":2,"name":"La galerie"}]},{"@type":"WebSite","@id":"https:\/\/www.galeriedulendemain.com\/fr\/#website","url":"https:\/\/www.galeriedulendemain.com\/fr\/","name":"Galerie du Lendemain","description":"Galerie d&#039;art contemporain \u00e0 Paris","publisher":{"@id":"https:\/\/www.galeriedulendemain.com\/fr\/#organization"},"potentialAction":[{"@type":"SearchAction","target":{"@type":"EntryPoint","urlTemplate":"https:\/\/www.galeriedulendemain.com\/fr\/?s={search_term_string}"},"query-input":{"@type":"PropertyValueSpecification","valueRequired":true,"valueName":"search_term_string"}}],"inLanguage":"fr-FR"},{"@type":"Organization","@id":"https:\/\/www.galeriedulendemain.com\/fr\/#organization","name":"Galerie du lendemain","url":"https:\/\/www.galeriedulendemain.com\/fr\/","logo":{"@type":"ImageObject","inLanguage":"fr-FR","@id":"https:\/\/www.galeriedulendemain.com\/fr\/#\/schema\/logo\/image\/","url":"https:\/\/www.galeriedulendemain.com\/app\/uploads\/logo-Galerie-du-Lendemain@2x.png","contentUrl":"https:\/\/www.galeriedulendemain.com\/app\/uploads\/logo-Galerie-du-Lendemain@2x.png","width":410,"height":220,"caption":"Galerie du lendemain"},"image":{"@id":"https:\/\/www.galeriedulendemain.com\/fr\/#\/schema\/logo\/image\/"}}]}},"acf":[],"_links":{"self":[{"href":"https:\/\/www.galeriedulendemain.com\/fr\/wp-json\/wp\/v2\/pages\/1245","targetHints":{"allow":["GET"]}}],"collection":[{"href":"https:\/\/www.galeriedulendemain.com\/fr\/wp-json\/wp\/v2\/pages"}],"about":[{"href":"https:\/\/www.galeriedulendemain.com\/fr\/wp-json\/wp\/v2\/types\/page"}],"author":[{"embeddable":true,"href":"https:\/\/www.galeriedulendemain.com\/fr\/wp-json\/wp\/v2\/users\/1"}],"replies":[{"embeddable":true,"href":"https:\/\/www.galeriedulendemain.com\/fr\/wp-json\/wp\/v2\/comments?post=1245"}],"version-history":[{"count":6,"href":"https:\/\/www.galeriedulendemain.com\/fr\/wp-json\/wp\/v2\/pages\/1245\/revisions"}],"predecessor-version":[{"id":8372,"href":"https:\/\/www.galeriedulendemain.com\/fr\/wp-json\/wp\/v2\/pages\/1245\/revisions\/8372"}],"wp:attachment":[{"href":"https:\/\/www.galeriedulendemain.com\/fr\/wp-json\/wp\/v2\/media?parent=1245"}],"curies":[{"name":"wp","href":"https:\/\/api.w.org\/{rel}","templated":true}]}}