{"id":1251,"date":"2021-02-01T22:22:10","date_gmt":"2021-02-01T21:22:10","guid":{"rendered":"https:\/\/www.galeriedulendemain.com\/?page_id=1251"},"modified":"2024-07-01T11:38:20","modified_gmt":"2024-07-01T09:38:20","slug":"newsletter","status":"publish","type":"page","link":"https:\/\/www.galeriedulendemain.com\/fr\/newsletter\/","title":{"rendered":"Newsletter"},"content":{"rendered":"[vc_row type=\u00a0\u00bbin_container\u00a0\u00bb full_screen_row_position=\u00a0\u00bbmiddle\u00a0\u00bb column_margin=\u00a0\u00bbdefault\u00a0\u00bb column_direction=\u00a0\u00bbdefault\u00a0\u00bb column_direction_tablet=\u00a0\u00bbdefault\u00a0\u00bb column_direction_phone=\u00a0\u00bbdefault\u00a0\u00bb scene_position=\u00a0\u00bbcenter\u00a0\u00bb text_color=\u00a0\u00bbdark\u00a0\u00bb text_align=\u00a0\u00bbleft\u00a0\u00bb row_border_radius=\u00a0\u00bbnone\u00a0\u00bb row_border_radius_applies=\u00a0\u00bbbg\u00a0\u00bb overflow=\u00a0\u00bbvisible\u00a0\u00bb overlay_strength=\u00a0\u00bb0.3&Prime; gradient_direction=\u00a0\u00bbleft_to_right\u00a0\u00bb shape_divider_position=\u00a0\u00bbbottom\u00a0\u00bb bg_image_animation=\u00a0\u00bbnone\u00a0\u00bb][vc_column column_padding=\u00a0\u00bbno-extra-padding\u00a0\u00bb column_padding_tablet=\u00a0\u00bbinherit\u00a0\u00bb column_padding_phone=\u00a0\u00bbinherit\u00a0\u00bb column_padding_position=\u00a0\u00bball\u00a0\u00bb column_element_direction_desktop=\u00a0\u00bbdefault\u00a0\u00bb column_element_spacing=\u00a0\u00bbdefault\u00a0\u00bb desktop_text_alignment=\u00a0\u00bbdefault\u00a0\u00bb tablet_text_alignment=\u00a0\u00bbdefault\u00a0\u00bb phone_text_alignment=\u00a0\u00bbdefault\u00a0\u00bb background_color_opacity=\u00a0\u00bb1&Prime; background_hover_color_opacity=\u00a0\u00bb1&Prime; column_backdrop_filter=\u00a0\u00bbnone\u00a0\u00bb column_shadow=\u00a0\u00bbnone\u00a0\u00bb column_border_radius=\u00a0\u00bbnone\u00a0\u00bb column_link_target=\u00a0\u00bb_self\u00a0\u00bb column_position=\u00a0\u00bbdefault\u00a0\u00bb gradient_direction=\u00a0\u00bbleft_to_right\u00a0\u00bb overlay_strength=\u00a0\u00bb0.3&Prime; width=\u00a0\u00bb1\/5&Prime; tablet_width_inherit=\u00a0\u00bbdefault\u00a0\u00bb animation_type=\u00a0\u00bbdefault\u00a0\u00bb bg_image_animation=\u00a0\u00bbnone\u00a0\u00bb border_type=\u00a0\u00bbsimple\u00a0\u00bb column_border_width=\u00a0\u00bbnone\u00a0\u00bb column_border_style=\u00a0\u00bbsolid\u00a0\u00bb][\/vc_column][vc_column column_padding=\u00a0\u00bbno-extra-padding\u00a0\u00bb column_padding_tablet=\u00a0\u00bbinherit\u00a0\u00bb column_padding_phone=\u00a0\u00bbinherit\u00a0\u00bb column_padding_position=\u00a0\u00bball\u00a0\u00bb column_element_direction_desktop=\u00a0\u00bbdefault\u00a0\u00bb column_element_spacing=\u00a0\u00bbdefault\u00a0\u00bb desktop_text_alignment=\u00a0\u00bbdefault\u00a0\u00bb tablet_text_alignment=\u00a0\u00bbdefault\u00a0\u00bb phone_text_alignment=\u00a0\u00bbdefault\u00a0\u00bb background_color_opacity=\u00a0\u00bb1&Prime; background_hover_color_opacity=\u00a0\u00bb1&Prime; column_backdrop_filter=\u00a0\u00bbnone\u00a0\u00bb column_shadow=\u00a0\u00bbnone\u00a0\u00bb column_border_radius=\u00a0\u00bbnone\u00a0\u00bb column_link_target=\u00a0\u00bb_self\u00a0\u00bb column_position=\u00a0\u00bbdefault\u00a0\u00bb gradient_direction=\u00a0\u00bbleft_to_right\u00a0\u00bb overlay_strength=\u00a0\u00bb0.3&Prime; width=\u00a0\u00bb3\/5&Prime; tablet_width_inherit=\u00a0\u00bbdefault\u00a0\u00bb animation_type=\u00a0\u00bbdefault\u00a0\u00bb bg_image_animation=\u00a0\u00bbnone\u00a0\u00bb border_type=\u00a0\u00bbsimple\u00a0\u00bb column_border_width=\u00a0\u00bbnone\u00a0\u00bb column_border_style=\u00a0\u00bbsolid\u00a0\u00bb][vc_column_text css=\u00a0\u00bb.vc_custom_1612268590206{margin-bottom: 50px !important;}\u00a0\u00bb]<strong>Inscription \u00e0 la newsletter<\/strong>[\/vc_column_text][vc_raw_html css=\u00a0\u00bb\u00a0\u00bb]JTNDaWZyYW1lJTIwZGF0YS13LXR5cGUlM0QlMjJlbWJlZGRlZCUyMiUyMGZyYW1lYm9yZGVyJTNEJTIyMCUyMiUyMHNjcm9sbGluZyUzRCUyMm5vJTIyJTIwbWFyZ2luaGVpZ2h0JTNEJTIyMCUyMiUyMG1hcmdpbndpZHRoJTNEJTIyMCUyMiUyMHNyYyUzRCUyMmh0dHBzJTNBJTJGJTJGeHI5bDQubWp0Lmx1JTJGd2d0JTJGeHI5bDQlMkZ4b3V0JTJGZm9ybSUzRmMlM0RlMGZlNGMwNyUyMiUyMHdpZHRoJTNEJTIyMTAwJTI1JTIyJTIwc3R5bGUlM0QlMjJoZWlnaHQlM0ElMjAwJTNCJTIyJTNFJTNDJTJGaWZyYW1lJTNFJTBBJTBBJTNDc2NyaXB0JTIwdHlwZSUzRCUyMnRleHQlMkZqYXZhc2NyaXB0JTIyJTIwc3JjJTNEJTIyaHR0cHMlM0ElMkYlMkZhcHAubWFpbGpldC5jb20lMkZwYXMtbmMtZW1iZWRkZWQtdjEuanMlMjIlM0UlM0MlMkZzY3JpcHQlM0UlMEE=[\/vc_raw_html][\/vc_column][vc_column column_padding=\u00a0\u00bbno-extra-padding\u00a0\u00bb column_padding_tablet=\u00a0\u00bbinherit\u00a0\u00bb column_padding_phone=\u00a0\u00bbinherit\u00a0\u00bb column_padding_position=\u00a0\u00bball\u00a0\u00bb column_element_direction_desktop=\u00a0\u00bbdefault\u00a0\u00bb column_element_spacing=\u00a0\u00bbdefault\u00a0\u00bb desktop_text_alignment=\u00a0\u00bbdefault\u00a0\u00bb tablet_text_alignment=\u00a0\u00bbdefault\u00a0\u00bb phone_text_alignment=\u00a0\u00bbdefault\u00a0\u00bb background_color_opacity=\u00a0\u00bb1&Prime; background_hover_color_opacity=\u00a0\u00bb1&Prime; column_backdrop_filter=\u00a0\u00bbnone\u00a0\u00bb column_shadow=\u00a0\u00bbnone\u00a0\u00bb column_border_radius=\u00a0\u00bbnone\u00a0\u00bb column_link_target=\u00a0\u00bb_self\u00a0\u00bb column_position=\u00a0\u00bbdefault\u00a0\u00bb gradient_direction=\u00a0\u00bbleft_to_right\u00a0\u00bb overlay_strength=\u00a0\u00bb0.3&Prime; width=\u00a0\u00bb1\/5&Prime; tablet_width_inherit=\u00a0\u00bbdefault\u00a0\u00bb animation_type=\u00a0\u00bbdefault\u00a0\u00bb bg_image_animation=\u00a0\u00bbnone\u00a0\u00bb border_type=\u00a0\u00bbsimple\u00a0\u00bb column_border_width=\u00a0\u00bbnone\u00a0\u00bb column_border_style=\u00a0\u00bbsolid\u00a0\u00bb][\/vc_column][\/vc_row]\n","protected":false},"excerpt":{"rendered":"<p>[vc_row type=\u00a0\u00bbin_container\u00a0\u00bb full_screen_row_position=\u00a0\u00bbmiddle\u00a0\u00bb column_margin=\u00a0\u00bbdefault\u00a0\u00bb column_direction=\u00a0\u00bbdefault\u00a0\u00bb column_direction_tablet=\u00a0\u00bbdefault\u00a0\u00bb column_direction_phone=\u00a0\u00bbdefault\u00a0\u00bb scene_position=\u00a0\u00bbcenter\u00a0\u00bb text_color=\u00a0\u00bbdark\u00a0\u00bb text_align=\u00a0\u00bbleft\u00a0\u00bb row_border_radius=\u00a0\u00bbnone\u00a0\u00bb row_border_radius_applies=\u00a0\u00bbbg\u00a0\u00bb overflow=\u00a0\u00bbvisible\u00a0\u00bb overlay_strength=\u00a0\u00bb0.3&Prime; gradient_direction=\u00a0\u00bbleft_to_right\u00a0\u00bb shape_divider_position=\u00a0\u00bbbottom\u00a0\u00bb bg_image_animation=\u00a0\u00bbnone\u00a0\u00bb][vc_column column_padding=\u00a0\u00bbno-extra-padding\u00a0\u00bb column_padding_tablet=\u00a0\u00bbinherit\u00a0\u00bb column_padding_phone=\u00a0\u00bbinherit\u00a0\u00bb column_padding_position=\u00a0\u00bball\u00a0\u00bb column_element_direction_desktop=\u00a0\u00bbdefault\u00a0\u00bb column_element_spacing=\u00a0\u00bbdefault\u00a0\u00bb desktop_text_alignment=\u00a0\u00bbdefault\u00a0\u00bb tablet_text_alignment=\u00a0\u00bbdefault\u00a0\u00bb phone_text_alignment=\u00a0\u00bbdefault\u00a0\u00bb background_color_opacity=\u00a0\u00bb1&Prime; background_hover_color_opacity=\u00a0\u00bb1&Prime; column_backdrop_filter=\u00a0\u00bbnone\u00a0\u00bb column_shadow=\u00a0\u00bbnone\u00a0\u00bb&#8230;<\/p>\n","protected":false},"author":1,"featured_media":0,"parent":0,"menu_order":50000,"comment_status":"closed","ping_status":"closed","template":"","meta":{"_acf_changed":false,"footnotes":""},"class_list":["post-1251","page","type-page","status-publish"],"yoast_head":"<!-- This site is optimized with the Yoast SEO plugin v27.2 - https:\/\/yoast.com\/product\/yoast-seo-wordpress\/ -->\n<title>Galerie du Lendemain - Galerie d&#039;art contemporain \u00e0 Paris - Newsletter<\/title>\n<meta name=\"description\" content=\"Restez inform\u00e9 des actualit\u00e9s de la Galerie du Lendemain. Exposition pass\u00e9es, expositions en cours, expositions \u00e0 venir.\" \/>\n<meta name=\"robots\" content=\"index, follow, max-snippet:-1, max-image-preview:large, max-video-preview:-1\" \/>\n<link rel=\"canonical\" href=\"https:\/\/www.galeriedulendemain.com\/fr\/newsletter\/\" \/>\n<meta property=\"og:locale\" content=\"fr_FR\" \/>\n<meta property=\"og:type\" content=\"article\" \/>\n<meta property=\"og:title\" content=\"Galerie du Lendemain - Galerie d&#039;art contemporain \u00e0 Paris - Newsletter\" \/>\n<meta property=\"og:description\" content=\"Restez inform\u00e9 des actualit\u00e9s de la Galerie du Lendemain. Exposition pass\u00e9es, expositions en cours, expositions \u00e0 venir.\" \/>\n<meta property=\"og:url\" content=\"https:\/\/www.galeriedulendemain.com\/fr\/newsletter\/\" \/>\n<meta property=\"og:site_name\" content=\"Galerie du Lendemain\" \/>\n<meta property=\"article:modified_time\" content=\"2024-07-01T09:38:20+00:00\" \/>\n<meta name=\"twitter:card\" content=\"summary_large_image\" \/>\n<meta name=\"twitter:label1\" content=\"Est. reading time\" \/>\n\t<meta name=\"twitter:data1\" content=\"1 minute\" \/>\n<script type=\"application\/ld+json\" class=\"yoast-schema-graph\">{\"@context\":\"https:\/\/schema.org\",\"@graph\":[{\"@type\":\"WebPage\",\"@id\":\"https:\/\/www.galeriedulendemain.com\/fr\/newsletter\/\",\"url\":\"https:\/\/www.galeriedulendemain.com\/fr\/newsletter\/\",\"name\":\"Galerie du Lendemain - Galerie d'art contemporain \u00e0 Paris - Newsletter\",\"isPartOf\":{\"@id\":\"https:\/\/www.galeriedulendemain.com\/fr\/#website\"},\"datePublished\":\"2021-02-01T21:22:10+00:00\",\"dateModified\":\"2024-07-01T09:38:20+00:00\",\"description\":\"Restez inform\u00e9 des actualit\u00e9s de la Galerie du Lendemain. Exposition pass\u00e9es, expositions en cours, expositions \u00e0 venir.\",\"breadcrumb\":{\"@id\":\"https:\/\/www.galeriedulendemain.com\/fr\/newsletter\/#breadcrumb\"},\"inLanguage\":\"fr-FR\",\"potentialAction\":[{\"@type\":\"ReadAction\",\"target\":[\"https:\/\/www.galeriedulendemain.com\/fr\/newsletter\/\"]}]},{\"@type\":\"BreadcrumbList\",\"@id\":\"https:\/\/www.galeriedulendemain.com\/fr\/newsletter\/#breadcrumb\",\"itemListElement\":[{\"@type\":\"ListItem\",\"position\":1,\"name\":\"Home\",\"item\":\"https:\/\/www.galeriedulendemain.com\/fr\/\"},{\"@type\":\"ListItem\",\"position\":2,\"name\":\"Newsletter\"}]},{\"@type\":\"WebSite\",\"@id\":\"https:\/\/www.galeriedulendemain.com\/fr\/#website\",\"url\":\"https:\/\/www.galeriedulendemain.com\/fr\/\",\"name\":\"Galerie du Lendemain\",\"description\":\"Galerie d&#039;art contemporain \u00e0 Paris\",\"publisher\":{\"@id\":\"https:\/\/www.galeriedulendemain.com\/fr\/#organization\"},\"potentialAction\":[{\"@type\":\"SearchAction\",\"target\":{\"@type\":\"EntryPoint\",\"urlTemplate\":\"https:\/\/www.galeriedulendemain.com\/fr\/?s={search_term_string}\"},\"query-input\":{\"@type\":\"PropertyValueSpecification\",\"valueRequired\":true,\"valueName\":\"search_term_string\"}}],\"inLanguage\":\"fr-FR\"},{\"@type\":\"Organization\",\"@id\":\"https:\/\/www.galeriedulendemain.com\/fr\/#organization\",\"name\":\"Galerie du lendemain\",\"url\":\"https:\/\/www.galeriedulendemain.com\/fr\/\",\"logo\":{\"@type\":\"ImageObject\",\"inLanguage\":\"fr-FR\",\"@id\":\"https:\/\/www.galeriedulendemain.com\/fr\/#\/schema\/logo\/image\/\",\"url\":\"https:\/\/www.galeriedulendemain.com\/app\/uploads\/logo-Galerie-du-Lendemain@2x.png\",\"contentUrl\":\"https:\/\/www.galeriedulendemain.com\/app\/uploads\/logo-Galerie-du-Lendemain@2x.png\",\"width\":410,\"height\":220,\"caption\":\"Galerie du lendemain\"},\"image\":{\"@id\":\"https:\/\/www.galeriedulendemain.com\/fr\/#\/schema\/logo\/image\/\"}}]}<\/script>\n<!-- \/ Yoast SEO plugin. -->","yoast_head_json":{"title":"Galerie du Lendemain - Galerie d'art contemporain \u00e0 Paris - Newsletter","description":"Restez inform\u00e9 des actualit\u00e9s de la Galerie du Lendemain. Exposition pass\u00e9es, expositions en cours, expositions \u00e0 venir.","robots":{"index":"index","follow":"follow","max-snippet":"max-snippet:-1","max-image-preview":"max-image-preview:large","max-video-preview":"max-video-preview:-1"},"canonical":"https:\/\/www.galeriedulendemain.com\/fr\/newsletter\/","og_locale":"fr_FR","og_type":"article","og_title":"Galerie du Lendemain - Galerie d'art contemporain \u00e0 Paris - Newsletter","og_description":"Restez inform\u00e9 des actualit\u00e9s de la Galerie du Lendemain. Exposition pass\u00e9es, expositions en cours, expositions \u00e0 venir.","og_url":"https:\/\/www.galeriedulendemain.com\/fr\/newsletter\/","og_site_name":"Galerie du Lendemain","article_modified_time":"2024-07-01T09:38:20+00:00","twitter_card":"summary_large_image","twitter_misc":{"Est. reading time":"1 minute"},"schema":{"@context":"https:\/\/schema.org","@graph":[{"@type":"WebPage","@id":"https:\/\/www.galeriedulendemain.com\/fr\/newsletter\/","url":"https:\/\/www.galeriedulendemain.com\/fr\/newsletter\/","name":"Galerie du Lendemain - Galerie d'art contemporain \u00e0 Paris - Newsletter","isPartOf":{"@id":"https:\/\/www.galeriedulendemain.com\/fr\/#website"},"datePublished":"2021-02-01T21:22:10+00:00","dateModified":"2024-07-01T09:38:20+00:00","description":"Restez inform\u00e9 des actualit\u00e9s de la Galerie du Lendemain. Exposition pass\u00e9es, expositions en cours, expositions \u00e0 venir.","breadcrumb":{"@id":"https:\/\/www.galeriedulendemain.com\/fr\/newsletter\/#breadcrumb"},"inLanguage":"fr-FR","potentialAction":[{"@type":"ReadAction","target":["https:\/\/www.galeriedulendemain.com\/fr\/newsletter\/"]}]},{"@type":"BreadcrumbList","@id":"https:\/\/www.galeriedulendemain.com\/fr\/newsletter\/#breadcrumb","itemListElement":[{"@type":"ListItem","position":1,"name":"Home","item":"https:\/\/www.galeriedulendemain.com\/fr\/"},{"@type":"ListItem","position":2,"name":"Newsletter"}]},{"@type":"WebSite","@id":"https:\/\/www.galeriedulendemain.com\/fr\/#website","url":"https:\/\/www.galeriedulendemain.com\/fr\/","name":"Galerie du Lendemain","description":"Galerie d&#039;art contemporain \u00e0 Paris","publisher":{"@id":"https:\/\/www.galeriedulendemain.com\/fr\/#organization"},"potentialAction":[{"@type":"SearchAction","target":{"@type":"EntryPoint","urlTemplate":"https:\/\/www.galeriedulendemain.com\/fr\/?s={search_term_string}"},"query-input":{"@type":"PropertyValueSpecification","valueRequired":true,"valueName":"search_term_string"}}],"inLanguage":"fr-FR"},{"@type":"Organization","@id":"https:\/\/www.galeriedulendemain.com\/fr\/#organization","name":"Galerie du lendemain","url":"https:\/\/www.galeriedulendemain.com\/fr\/","logo":{"@type":"ImageObject","inLanguage":"fr-FR","@id":"https:\/\/www.galeriedulendemain.com\/fr\/#\/schema\/logo\/image\/","url":"https:\/\/www.galeriedulendemain.com\/app\/uploads\/logo-Galerie-du-Lendemain@2x.png","contentUrl":"https:\/\/www.galeriedulendemain.com\/app\/uploads\/logo-Galerie-du-Lendemain@2x.png","width":410,"height":220,"caption":"Galerie du lendemain"},"image":{"@id":"https:\/\/www.galeriedulendemain.com\/fr\/#\/schema\/logo\/image\/"}}]}},"acf":[],"_links":{"self":[{"href":"https:\/\/www.galeriedulendemain.com\/fr\/wp-json\/wp\/v2\/pages\/1251","targetHints":{"allow":["GET"]}}],"collection":[{"href":"https:\/\/www.galeriedulendemain.com\/fr\/wp-json\/wp\/v2\/pages"}],"about":[{"href":"https:\/\/www.galeriedulendemain.com\/fr\/wp-json\/wp\/v2\/types\/page"}],"author":[{"embeddable":true,"href":"https:\/\/www.galeriedulendemain.com\/fr\/wp-json\/wp\/v2\/users\/1"}],"replies":[{"embeddable":true,"href":"https:\/\/www.galeriedulendemain.com\/fr\/wp-json\/wp\/v2\/comments?post=1251"}],"version-history":[{"count":6,"href":"https:\/\/www.galeriedulendemain.com\/fr\/wp-json\/wp\/v2\/pages\/1251\/revisions"}],"predecessor-version":[{"id":7913,"href":"https:\/\/www.galeriedulendemain.com\/fr\/wp-json\/wp\/v2\/pages\/1251\/revisions\/7913"}],"wp:attachment":[{"href":"https:\/\/www.galeriedulendemain.com\/fr\/wp-json\/wp\/v2\/media?parent=1251"}],"curies":[{"name":"wp","href":"https:\/\/api.w.org\/{rel}","templated":true}]}}