{"id":3,"date":"2021-02-01T12:38:26","date_gmt":"2021-02-01T11:38:26","guid":{"rendered":"https:\/\/www.galeriedulendemain.com\/?page_id=3"},"modified":"2021-08-12T17:33:41","modified_gmt":"2021-08-12T15:33:41","slug":"mentions-legales","status":"publish","type":"page","link":"https:\/\/www.galeriedulendemain.com\/fr\/mentions-legales\/","title":{"rendered":"Mentions l\u00e9gales"},"content":{"rendered":"[vc_row type=\u00a0\u00bbin_container\u00a0\u00bb full_screen_row_position=\u00a0\u00bbmiddle\u00a0\u00bb column_margin=\u00a0\u00bbdefault\u00a0\u00bb column_direction=\u00a0\u00bbdefault\u00a0\u00bb column_direction_tablet=\u00a0\u00bbdefault\u00a0\u00bb column_direction_phone=\u00a0\u00bbdefault\u00a0\u00bb scene_position=\u00a0\u00bbcenter\u00a0\u00bb text_color=\u00a0\u00bbdark\u00a0\u00bb text_align=\u00a0\u00bbleft\u00a0\u00bb row_border_radius=\u00a0\u00bbnone\u00a0\u00bb row_border_radius_applies=\u00a0\u00bbbg\u00a0\u00bb overlay_strength=\u00a0\u00bb0.3&Prime; gradient_direction=\u00a0\u00bbleft_to_right\u00a0\u00bb shape_divider_position=\u00a0\u00bbbottom\u00a0\u00bb bg_image_animation=\u00a0\u00bbnone\u00a0\u00bb][vc_column column_padding=\u00a0\u00bbno-extra-padding\u00a0\u00bb column_padding_tablet=\u00a0\u00bbinherit\u00a0\u00bb column_padding_phone=\u00a0\u00bbinherit\u00a0\u00bb column_padding_position=\u00a0\u00bball\u00a0\u00bb background_color_opacity=\u00a0\u00bb1&Prime; background_hover_color_opacity=\u00a0\u00bb1&Prime; column_shadow=\u00a0\u00bbnone\u00a0\u00bb column_border_radius=\u00a0\u00bbnone\u00a0\u00bb column_link_target=\u00a0\u00bb_self\u00a0\u00bb gradient_direction=\u00a0\u00bbleft_to_right\u00a0\u00bb overlay_strength=\u00a0\u00bb0.3&Prime; width=\u00a0\u00bb1\/5&Prime; tablet_width_inherit=\u00a0\u00bbdefault\u00a0\u00bb tablet_text_alignment=\u00a0\u00bbdefault\u00a0\u00bb phone_text_alignment=\u00a0\u00bbdefault\u00a0\u00bb column_border_width=\u00a0\u00bbnone\u00a0\u00bb column_border_style=\u00a0\u00bbsolid\u00a0\u00bb bg_image_animation=\u00a0\u00bbnone\u00a0\u00bb][\/vc_column][vc_column column_padding=\u00a0\u00bbno-extra-padding\u00a0\u00bb column_padding_tablet=\u00a0\u00bbinherit\u00a0\u00bb column_padding_phone=\u00a0\u00bbinherit\u00a0\u00bb column_padding_position=\u00a0\u00bball\u00a0\u00bb background_color_opacity=\u00a0\u00bb1&Prime; background_hover_color_opacity=\u00a0\u00bb1&Prime; column_shadow=\u00a0\u00bbnone\u00a0\u00bb column_border_radius=\u00a0\u00bbnone\u00a0\u00bb column_link_target=\u00a0\u00bb_self\u00a0\u00bb gradient_direction=\u00a0\u00bbleft_to_right\u00a0\u00bb overlay_strength=\u00a0\u00bb0.3&Prime; width=\u00a0\u00bb3\/5&Prime; tablet_width_inherit=\u00a0\u00bbdefault\u00a0\u00bb tablet_text_alignment=\u00a0\u00bbdefault\u00a0\u00bb phone_text_alignment=\u00a0\u00bbdefault\u00a0\u00bb column_border_width=\u00a0\u00bbnone\u00a0\u00bb column_border_style=\u00a0\u00bbsolid\u00a0\u00bb bg_image_animation=\u00a0\u00bbnone\u00a0\u00bb][vc_column_text css=\u00a0\u00bb.vc_custom_1612268834835{margin-bottom: 20px !important;}\u00a0\u00bb]<strong>Cr\u00e9dits du site<br \/>\n<\/strong>D\u00e9veloppement, r\u00e9alisation : <a title=\"D\u00e9veloppeur Freelance Paris\" href=\"https:\/\/www.florianperrier.com\/\">Florian Perrier<\/a><br \/>\nDirection artistique et projet : <a href=\"http:\/\/studio.katiamonaci.com\/\">Katia Monaci<\/a><br \/>\nH\u00e9berg\u00e9 par OVH<br \/>\nPropuls\u00e9 par WordPress<\/p>\n<p class=\"p1\"><strong>Ce site est \u00e9dit\u00e9 par la Galerie du Lendemain<\/strong><br \/>\n107-109 rue Quincampoix 75003 Paris, France<br \/>\n<a href=\"mailto:contact@galeriedulendemain.com\">contact@galeriedulendemain.com<\/a><\/p>\n<p>Le contenu du pr\u00e9sent site est prot\u00e9g\u00e9 par les lois fran\u00e7aises en vigueur sur la propri\u00e9t\u00e9 intellectuelle ainsi que par les trait\u00e9s et accords internationaux comportant des dispositions relatives \u00e0 la protection des droits d\u2019auteur. L\u2019ensemble des \u00e9l\u00e9ments le composant tels que, \u00e0 titre indicatif, le code source, la d\u00e9nomination, le logo, les labels, les images, les documents t\u00e9l\u00e9chargeables et tout autre document sont la propri\u00e9t\u00e9 exclusive de la Galerie du Lendemain et des artistes pr\u00e9sent\u00e9s.<br \/>\n\u00c0 cet effet, il est interdit de reproduire sous quelque forme que ce soit, en totalit\u00e9 ou partiellement, de t\u00e9l\u00e9charger, de vendre, de distribuer, de publier ou encore de communiquer les \u00e9l\u00e9ments composant le pr\u00e9sent site sauf autorisation \u00e9crite du responsable de la publication. Tout contrevenant \u00e0 cette protection fera l\u2019objet de poursuites.<\/p>\n<p>Copyright \u00a9 2020 Galerie du Lendemain et les artistes, tous droits r\u00e9serv\u00e9s.<\/p>\n<p><strong>Donn\u00e9es personnelles et cookies<br \/>\n<\/strong>Conform\u00e9ment \u00e0 la loi Informatique et Libert\u00e9s du 6 janvier 1978 ; article 34 de la loi n\u00b078-17 ; vous disposez d\u2019un droit d\u2019acc\u00e8s et de rectification aux donn\u00e9es vous concernant. Si vous ne le souhaitez pas, il vous suffit de nous \u00e9crire en nous indiquant votre nom, pr\u00e9nom, email et adresse. Les informations nominatives demand\u00e9es peuvent \u00eatre communiqu\u00e9es \u00e0 des tiers en relations li\u00e9s par un engagement de confidentialit\u00e9, notamment au fournisseur d\u2019acc\u00e8s sur internet conform\u00e9ment \u00e0 la loi.<br \/>\nEn vertu de la loi n\u00b02000-719 du 1er ao\u00fbt 2000, les coordonn\u00e9es d\u00e9clar\u00e9es par l\u2019utilisateur pourront \u00eatre communiqu\u00e9es sur r\u00e9quisition des autorit\u00e9s judiciaires.<br \/>\nIl est donn\u00e9 la possibilit\u00e9 \u00e0 l\u2019utilisateur de divulguer son adresse \u00e9lectronique dans le but de recevoir la newsletter mise en place afin de tenir inform\u00e9s les utilisateurs des actualit\u00e9s de la galerie. Les emails collect\u00e9s sont destin\u00e9s \u00e0 la Galerie du Lendemain, qui les garde en m\u00e9moire informatique afin d\u2019assurer l\u2019envoi des newsletters. Ces informations ne seront en aucun cas transmises \u00e0 des tiers.<br \/>\nNous utilisons des cookies dans le cadre exclusif de mesures d\u2019audience, pour \u00e9tablir notamment des statistiques sur les visite de ce site.<br \/>\nCes cookies sont destin\u00e9s \u00e0 \u00e9tablir la volum\u00e9trie et \u00e9tablir des statistiques de fr\u00e9quentation du site.<br \/>\nVous pouvez \u00e0 tout moment modifier vos souhaits concernant le d\u00e9p\u00f4t de cookies via le param\u00e9trage de votre navigateur internet.<br \/>\nAinsi, vous pouvez exiger que les informations vous concernant soient rectifi\u00e9es, compl\u00e9t\u00e9es, clarifi\u00e9es, mises \u00e0 jour ou effac\u00e9es. Vous pouvez faire exercer ce droit aupr\u00e8s de la galerie.[\/vc_column_text][\/vc_column][vc_column column_padding=\u00a0\u00bbno-extra-padding\u00a0\u00bb column_padding_tablet=\u00a0\u00bbinherit\u00a0\u00bb column_padding_phone=\u00a0\u00bbinherit\u00a0\u00bb column_padding_position=\u00a0\u00bball\u00a0\u00bb background_color_opacity=\u00a0\u00bb1&Prime; background_hover_color_opacity=\u00a0\u00bb1&Prime; column_shadow=\u00a0\u00bbnone\u00a0\u00bb column_border_radius=\u00a0\u00bbnone\u00a0\u00bb column_link_target=\u00a0\u00bb_self\u00a0\u00bb gradient_direction=\u00a0\u00bbleft_to_right\u00a0\u00bb overlay_strength=\u00a0\u00bb0.3&Prime; width=\u00a0\u00bb1\/5&Prime; tablet_width_inherit=\u00a0\u00bbdefault\u00a0\u00bb tablet_text_alignment=\u00a0\u00bbdefault\u00a0\u00bb phone_text_alignment=\u00a0\u00bbdefault\u00a0\u00bb column_border_width=\u00a0\u00bbnone\u00a0\u00bb column_border_style=\u00a0\u00bbsolid\u00a0\u00bb bg_image_animation=\u00a0\u00bbnone\u00a0\u00bb][\/vc_column][\/vc_row]\n","protected":false},"excerpt":{"rendered":"<p>[vc_row type=\u00a0\u00bbin_container\u00a0\u00bb full_screen_row_position=\u00a0\u00bbmiddle\u00a0\u00bb column_margin=\u00a0\u00bbdefault\u00a0\u00bb column_direction=\u00a0\u00bbdefault\u00a0\u00bb column_direction_tablet=\u00a0\u00bbdefault\u00a0\u00bb column_direction_phone=\u00a0\u00bbdefault\u00a0\u00bb scene_position=\u00a0\u00bbcenter\u00a0\u00bb text_color=\u00a0\u00bbdark\u00a0\u00bb text_align=\u00a0\u00bbleft\u00a0\u00bb row_border_radius=\u00a0\u00bbnone\u00a0\u00bb row_border_radius_applies=\u00a0\u00bbbg\u00a0\u00bb overlay_strength=\u00a0\u00bb0.3&Prime; gradient_direction=\u00a0\u00bbleft_to_right\u00a0\u00bb shape_divider_position=\u00a0\u00bbbottom\u00a0\u00bb bg_image_animation=\u00a0\u00bbnone\u00a0\u00bb][vc_column column_padding=\u00a0\u00bbno-extra-padding\u00a0\u00bb column_padding_tablet=\u00a0\u00bbinherit\u00a0\u00bb column_padding_phone=\u00a0\u00bbinherit\u00a0\u00bb column_padding_position=\u00a0\u00bball\u00a0\u00bb background_color_opacity=\u00a0\u00bb1&Prime; background_hover_color_opacity=\u00a0\u00bb1&Prime; column_shadow=\u00a0\u00bbnone\u00a0\u00bb column_border_radius=\u00a0\u00bbnone\u00a0\u00bb column_link_target=\u00a0\u00bb_self\u00a0\u00bb gradient_direction=\u00a0\u00bbleft_to_right\u00a0\u00bb overlay_strength=\u00a0\u00bb0.3&Prime; width=\u00a0\u00bb1\/5&Prime; tablet_width_inherit=\u00a0\u00bbdefault\u00a0\u00bb tablet_text_alignment=\u00a0\u00bbdefault\u00a0\u00bb&#8230;<\/p>\n","protected":false},"author":1,"featured_media":0,"parent":0,"menu_order":99999,"comment_status":"closed","ping_status":"closed","template":"","meta":{"_acf_changed":false,"footnotes":""},"class_list":["post-3","page","type-page","status-publish"],"yoast_head":"<!-- This site is optimized with the Yoast SEO plugin v27.2 - https:\/\/yoast.com\/product\/yoast-seo-wordpress\/ -->\n<title>Galerie du Lendemain - Galerie d&#039;art contemporain \u00e0 Paris<\/title>\n<meta name=\"description\" content=\"Ce site est \u00e9dit\u00e9 par la Galerie du Lendemain 75003 Paris, France. D\u00e9veloppement web : Florian Perrier. Direction artistique : Katia Monaci\" \/>\n<meta name=\"robots\" content=\"index, follow, max-snippet:-1, max-image-preview:large, max-video-preview:-1\" \/>\n<link rel=\"canonical\" href=\"https:\/\/www.galeriedulendemain.com\/fr\/mentions-legales\/\" \/>\n<meta property=\"og:locale\" content=\"fr_FR\" \/>\n<meta property=\"og:type\" content=\"article\" \/>\n<meta property=\"og:title\" content=\"Galerie du Lendemain - Galerie d&#039;art contemporain \u00e0 Paris\" \/>\n<meta property=\"og:description\" content=\"Ce site est \u00e9dit\u00e9 par la Galerie du Lendemain 75003 Paris, France. D\u00e9veloppement web : Florian Perrier. Direction artistique : Katia Monaci\" \/>\n<meta property=\"og:url\" content=\"https:\/\/www.galeriedulendemain.com\/fr\/mentions-legales\/\" \/>\n<meta property=\"og:site_name\" content=\"Galerie du Lendemain\" \/>\n<meta property=\"article:modified_time\" content=\"2021-08-12T15:33:41+00:00\" \/>\n<meta name=\"twitter:card\" content=\"summary_large_image\" \/>\n<meta name=\"twitter:label1\" content=\"Est. reading time\" \/>\n\t<meta name=\"twitter:data1\" content=\"3 minutes\" \/>\n<script type=\"application\/ld+json\" class=\"yoast-schema-graph\">{\"@context\":\"https:\/\/schema.org\",\"@graph\":[{\"@type\":\"WebPage\",\"@id\":\"https:\/\/www.galeriedulendemain.com\/fr\/mentions-legales\/\",\"url\":\"https:\/\/www.galeriedulendemain.com\/fr\/mentions-legales\/\",\"name\":\"Galerie du Lendemain - Galerie d'art contemporain \u00e0 Paris\",\"isPartOf\":{\"@id\":\"https:\/\/www.galeriedulendemain.com\/fr\/#website\"},\"datePublished\":\"2021-02-01T11:38:26+00:00\",\"dateModified\":\"2021-08-12T15:33:41+00:00\",\"description\":\"Ce site est \u00e9dit\u00e9 par la Galerie du Lendemain 75003 Paris, France. D\u00e9veloppement web : Florian Perrier. Direction artistique : Katia Monaci\",\"breadcrumb\":{\"@id\":\"https:\/\/www.galeriedulendemain.com\/fr\/mentions-legales\/#breadcrumb\"},\"inLanguage\":\"fr-FR\",\"potentialAction\":[{\"@type\":\"ReadAction\",\"target\":[\"https:\/\/www.galeriedulendemain.com\/fr\/mentions-legales\/\"]}]},{\"@type\":\"BreadcrumbList\",\"@id\":\"https:\/\/www.galeriedulendemain.com\/fr\/mentions-legales\/#breadcrumb\",\"itemListElement\":[{\"@type\":\"ListItem\",\"position\":1,\"name\":\"Home\",\"item\":\"https:\/\/www.galeriedulendemain.com\/fr\/\"},{\"@type\":\"ListItem\",\"position\":2,\"name\":\"Mentions l\u00e9gales\"}]},{\"@type\":\"WebSite\",\"@id\":\"https:\/\/www.galeriedulendemain.com\/fr\/#website\",\"url\":\"https:\/\/www.galeriedulendemain.com\/fr\/\",\"name\":\"Galerie du Lendemain\",\"description\":\"Galerie d&#039;art contemporain \u00e0 Paris\",\"publisher\":{\"@id\":\"https:\/\/www.galeriedulendemain.com\/fr\/#organization\"},\"potentialAction\":[{\"@type\":\"SearchAction\",\"target\":{\"@type\":\"EntryPoint\",\"urlTemplate\":\"https:\/\/www.galeriedulendemain.com\/fr\/?s={search_term_string}\"},\"query-input\":{\"@type\":\"PropertyValueSpecification\",\"valueRequired\":true,\"valueName\":\"search_term_string\"}}],\"inLanguage\":\"fr-FR\"},{\"@type\":\"Organization\",\"@id\":\"https:\/\/www.galeriedulendemain.com\/fr\/#organization\",\"name\":\"Galerie du lendemain\",\"url\":\"https:\/\/www.galeriedulendemain.com\/fr\/\",\"logo\":{\"@type\":\"ImageObject\",\"inLanguage\":\"fr-FR\",\"@id\":\"https:\/\/www.galeriedulendemain.com\/fr\/#\/schema\/logo\/image\/\",\"url\":\"https:\/\/www.galeriedulendemain.com\/app\/uploads\/logo-Galerie-du-Lendemain@2x.png\",\"contentUrl\":\"https:\/\/www.galeriedulendemain.com\/app\/uploads\/logo-Galerie-du-Lendemain@2x.png\",\"width\":410,\"height\":220,\"caption\":\"Galerie du lendemain\"},\"image\":{\"@id\":\"https:\/\/www.galeriedulendemain.com\/fr\/#\/schema\/logo\/image\/\"}}]}<\/script>\n<!-- \/ Yoast SEO plugin. -->","yoast_head_json":{"title":"Galerie du Lendemain - Galerie d'art contemporain \u00e0 Paris","description":"Ce site est \u00e9dit\u00e9 par la Galerie du Lendemain 75003 Paris, France. D\u00e9veloppement web : Florian Perrier. Direction artistique : Katia Monaci","robots":{"index":"index","follow":"follow","max-snippet":"max-snippet:-1","max-image-preview":"max-image-preview:large","max-video-preview":"max-video-preview:-1"},"canonical":"https:\/\/www.galeriedulendemain.com\/fr\/mentions-legales\/","og_locale":"fr_FR","og_type":"article","og_title":"Galerie du Lendemain - Galerie d'art contemporain \u00e0 Paris","og_description":"Ce site est \u00e9dit\u00e9 par la Galerie du Lendemain 75003 Paris, France. D\u00e9veloppement web : Florian Perrier. Direction artistique : Katia Monaci","og_url":"https:\/\/www.galeriedulendemain.com\/fr\/mentions-legales\/","og_site_name":"Galerie du Lendemain","article_modified_time":"2021-08-12T15:33:41+00:00","twitter_card":"summary_large_image","twitter_misc":{"Est. reading time":"3 minutes"},"schema":{"@context":"https:\/\/schema.org","@graph":[{"@type":"WebPage","@id":"https:\/\/www.galeriedulendemain.com\/fr\/mentions-legales\/","url":"https:\/\/www.galeriedulendemain.com\/fr\/mentions-legales\/","name":"Galerie du Lendemain - Galerie d'art contemporain \u00e0 Paris","isPartOf":{"@id":"https:\/\/www.galeriedulendemain.com\/fr\/#website"},"datePublished":"2021-02-01T11:38:26+00:00","dateModified":"2021-08-12T15:33:41+00:00","description":"Ce site est \u00e9dit\u00e9 par la Galerie du Lendemain 75003 Paris, France. D\u00e9veloppement web : Florian Perrier. Direction artistique : Katia Monaci","breadcrumb":{"@id":"https:\/\/www.galeriedulendemain.com\/fr\/mentions-legales\/#breadcrumb"},"inLanguage":"fr-FR","potentialAction":[{"@type":"ReadAction","target":["https:\/\/www.galeriedulendemain.com\/fr\/mentions-legales\/"]}]},{"@type":"BreadcrumbList","@id":"https:\/\/www.galeriedulendemain.com\/fr\/mentions-legales\/#breadcrumb","itemListElement":[{"@type":"ListItem","position":1,"name":"Home","item":"https:\/\/www.galeriedulendemain.com\/fr\/"},{"@type":"ListItem","position":2,"name":"Mentions l\u00e9gales"}]},{"@type":"WebSite","@id":"https:\/\/www.galeriedulendemain.com\/fr\/#website","url":"https:\/\/www.galeriedulendemain.com\/fr\/","name":"Galerie du Lendemain","description":"Galerie d&#039;art contemporain \u00e0 Paris","publisher":{"@id":"https:\/\/www.galeriedulendemain.com\/fr\/#organization"},"potentialAction":[{"@type":"SearchAction","target":{"@type":"EntryPoint","urlTemplate":"https:\/\/www.galeriedulendemain.com\/fr\/?s={search_term_string}"},"query-input":{"@type":"PropertyValueSpecification","valueRequired":true,"valueName":"search_term_string"}}],"inLanguage":"fr-FR"},{"@type":"Organization","@id":"https:\/\/www.galeriedulendemain.com\/fr\/#organization","name":"Galerie du lendemain","url":"https:\/\/www.galeriedulendemain.com\/fr\/","logo":{"@type":"ImageObject","inLanguage":"fr-FR","@id":"https:\/\/www.galeriedulendemain.com\/fr\/#\/schema\/logo\/image\/","url":"https:\/\/www.galeriedulendemain.com\/app\/uploads\/logo-Galerie-du-Lendemain@2x.png","contentUrl":"https:\/\/www.galeriedulendemain.com\/app\/uploads\/logo-Galerie-du-Lendemain@2x.png","width":410,"height":220,"caption":"Galerie du lendemain"},"image":{"@id":"https:\/\/www.galeriedulendemain.com\/fr\/#\/schema\/logo\/image\/"}}]}},"acf":[],"_links":{"self":[{"href":"https:\/\/www.galeriedulendemain.com\/fr\/wp-json\/wp\/v2\/pages\/3","targetHints":{"allow":["GET"]}}],"collection":[{"href":"https:\/\/www.galeriedulendemain.com\/fr\/wp-json\/wp\/v2\/pages"}],"about":[{"href":"https:\/\/www.galeriedulendemain.com\/fr\/wp-json\/wp\/v2\/types\/page"}],"author":[{"embeddable":true,"href":"https:\/\/www.galeriedulendemain.com\/fr\/wp-json\/wp\/v2\/users\/1"}],"replies":[{"embeddable":true,"href":"https:\/\/www.galeriedulendemain.com\/fr\/wp-json\/wp\/v2\/comments?post=3"}],"version-history":[{"count":6,"href":"https:\/\/www.galeriedulendemain.com\/fr\/wp-json\/wp\/v2\/pages\/3\/revisions"}],"predecessor-version":[{"id":2147,"href":"https:\/\/www.galeriedulendemain.com\/fr\/wp-json\/wp\/v2\/pages\/3\/revisions\/2147"}],"wp:attachment":[{"href":"https:\/\/www.galeriedulendemain.com\/fr\/wp-json\/wp\/v2\/media?parent=3"}],"curies":[{"name":"wp","href":"https:\/\/api.w.org\/{rel}","templated":true}]}}